{"id":99,"date":"2019-05-27T14:15:14","date_gmt":"2019-05-27T12:15:14","guid":{"rendered":"http:\/\/loslobos.es\/LOBOS0519\/?page_id=99"},"modified":"2020-05-05T19:09:23","modified_gmt":"2020-05-05T17:09:23","slug":"mudejar","status":"publish","type":"page","link":"https:\/\/www.loslobos.es\/casarural\/mudejar\/","title":{"rendered":"MUD\u00c9JAR"},"content":{"rendered":"\n<p>Al noroeste de la provincia de&nbsp;<strong>Segovia<\/strong>&nbsp;podemos observar innumerables muestras de&nbsp;<strong>arte mud\u00e9jar<\/strong>&nbsp;cuyo m\u00e1ximo exponente es la villa de&nbsp;<strong>Cu\u00e9llar<\/strong>, donde podremos admirar manifestaciones de este estilo no s\u00f3lo en varias de sus m\u00faltiples iglesias sino tambi\u00e9n en su maravilloso castillo de los&nbsp;<strong>Duques de Alburquerque<\/strong>&nbsp;y en distintos arcos que fueron puertas de entrada a la ciudadela.<strong><\/strong>Los pueblos colindantes tambi\u00e9n hacen gala de este estilo arquitect\u00f3nico como por ejemplo:&nbsp;<strong>Coca<\/strong>,&nbsp;<strong>Samboal<\/strong>,&nbsp;<strong>Narros<\/strong><strong>de<\/strong><strong>Cu\u00e9llar<\/strong>,&nbsp;<strong>Villaverde<\/strong><strong>de<\/strong><strong>Iscar<\/strong>,&nbsp;<strong>Chat\u00fan<\/strong>,&nbsp;<strong>Gomezserrac\u00edn<\/strong>,&nbsp;<strong>Pinarejos<\/strong>,&nbsp;<strong>Navalman-zano<\/strong>,&nbsp;<strong>Fuentepelayo<\/strong>,&nbsp;<strong>Aguilafuente<\/strong>&nbsp;etc<\/p>\n","protected":false},"excerpt":{"rendered":"<p>Al noroeste de la provincia de&nbsp;Segovia&nbsp;podemos observar innumerables muestras de&nbsp;arte mud\u00e9jar&nbsp;cuyo m\u00e1ximo exponente es la villa de&nbsp;Cu\u00e9llar, donde podremos admirar manifestaciones de este estilo no s\u00f3lo en varias de sus m\u00faltiples iglesias sino tambi\u00e9n en su maravilloso castillo de los&nbsp;Duques de Alburquerque&nbsp;y en distintos arcos que fueron puertas de entrada a la ciudadela.Los pueblos colindantes &hellip; <\/p>\n<p class=\"link-more\"><a href=\"https:\/\/www.loslobos.es\/casarural\/mudejar\/\" class=\"more-link\">Continuar leyendo<span class=\"screen-reader-text\"> \u00abMUD\u00c9JAR\u00bb<\/span><\/a><\/p>\n","protected":false},"author":1,"featured_media":0,"parent":0,"menu_order":0,"comment_status":"closed","ping_status":"closed","template":"","meta":{"footnotes":""},"class_list":["post-99","page","type-page","status-publish","hentry"],"_links":{"self":[{"href":"https:\/\/www.loslobos.es\/casarural\/wp-json\/wp\/v2\/pages\/99","targetHints":{"allow":["GET"]}}],"collection":[{"href":"https:\/\/www.loslobos.es\/casarural\/wp-json\/wp\/v2\/pages"}],"about":[{"href":"https:\/\/www.loslobos.es\/casarural\/wp-json\/wp\/v2\/types\/page"}],"author":[{"embeddable":true,"href":"https:\/\/www.loslobos.es\/casarural\/wp-json\/wp\/v2\/users\/1"}],"replies":[{"embeddable":true,"href":"https:\/\/www.loslobos.es\/casarural\/wp-json\/wp\/v2\/comments?post=99"}],"version-history":[{"count":2,"href":"https:\/\/www.loslobos.es\/casarural\/wp-json\/wp\/v2\/pages\/99\/revisions"}],"predecessor-version":[{"id":224,"href":"https:\/\/www.loslobos.es\/casarural\/wp-json\/wp\/v2\/pages\/99\/revisions\/224"}],"wp:attachment":[{"href":"https:\/\/www.loslobos.es\/casarural\/wp-json\/wp\/v2\/media?parent=99"}],"curies":[{"name":"wp","href":"https:\/\/api.w.org\/{rel}","templated":true}]}}