{"id":98,"date":"2019-05-27T14:15:14","date_gmt":"2019-05-27T12:15:14","guid":{"rendered":"http:\/\/loslobos.es\/LOBOS0519\/?page_id=98"},"modified":"2020-05-05T19:08:26","modified_gmt":"2020-05-05T17:08:26","slug":"castillos","status":"publish","type":"page","link":"https:\/\/www.loslobos.es\/casarural\/castillos\/","title":{"rendered":"CASTILLOS"},"content":{"rendered":"\n<p>A lo largo y ancho de toda la geograf\u00eda segoviana nos encontramos con multitud de castillos y fortalezas que conforman un importante patrimonio hist\u00f3rico art\u00edstico muy recomendable para el turista.<strong><\/strong><\/p>\n\n\n\n<p>Destacamos por cercan\u00eda y belleza los siguientes:<\/p>\n\n\n\n<ul class=\"wp-block-list\"><li><strong>Tur\u00e9gano<\/strong><\/li><li><strong>Cu\u00e9llar<\/strong><\/li><li><strong>Coca<\/strong><\/li><li><strong>Pedraza<\/strong><\/li><li><strong>Sep\u00falveda<\/strong><\/li><li><strong>Castilnovo<\/strong><\/li><li><strong>Fuentidue\u00f1a<\/strong><\/li><li><strong>Segovia<\/strong><\/li><\/ul>\n\n\n\n<p><\/p>\n","protected":false},"excerpt":{"rendered":"<p>A lo largo y ancho de toda la geograf\u00eda segoviana nos encontramos con multitud de castillos y fortalezas que conforman un importante patrimonio hist\u00f3rico art\u00edstico muy recomendable para el turista. Destacamos por cercan\u00eda y belleza los siguientes: Tur\u00e9gano Cu\u00e9llar Coca Pedraza Sep\u00falveda Castilnovo Fuentidue\u00f1a Segovia<\/p>\n","protected":false},"author":1,"featured_media":0,"parent":0,"menu_order":0,"comment_status":"closed","ping_status":"closed","template":"","meta":{"footnotes":""},"class_list":["post-98","page","type-page","status-publish","hentry"],"_links":{"self":[{"href":"https:\/\/www.loslobos.es\/casarural\/wp-json\/wp\/v2\/pages\/98","targetHints":{"allow":["GET"]}}],"collection":[{"href":"https:\/\/www.loslobos.es\/casarural\/wp-json\/wp\/v2\/pages"}],"about":[{"href":"https:\/\/www.loslobos.es\/casarural\/wp-json\/wp\/v2\/types\/page"}],"author":[{"embeddable":true,"href":"https:\/\/www.loslobos.es\/casarural\/wp-json\/wp\/v2\/users\/1"}],"replies":[{"embeddable":true,"href":"https:\/\/www.loslobos.es\/casarural\/wp-json\/wp\/v2\/comments?post=98"}],"version-history":[{"count":2,"href":"https:\/\/www.loslobos.es\/casarural\/wp-json\/wp\/v2\/pages\/98\/revisions"}],"predecessor-version":[{"id":223,"href":"https:\/\/www.loslobos.es\/casarural\/wp-json\/wp\/v2\/pages\/98\/revisions\/223"}],"wp:attachment":[{"href":"https:\/\/www.loslobos.es\/casarural\/wp-json\/wp\/v2\/media?parent=98"}],"curies":[{"name":"wp","href":"https:\/\/api.w.org\/{rel}","templated":true}]}}