{"id":97,"date":"2019-05-27T14:15:14","date_gmt":"2019-05-27T12:15:14","guid":{"rendered":"http:\/\/loslobos.es\/LOBOS0519\/?page_id=97"},"modified":"2020-05-05T19:07:12","modified_gmt":"2020-05-05T17:07:12","slug":"museos","status":"publish","type":"page","link":"https:\/\/www.loslobos.es\/casarural\/museos\/","title":{"rendered":"MUSEOS"},"content":{"rendered":"\n<p><strong>Aguilafuente:<\/strong><br>AULA ARQUEOL\u00d3GICA, museo romano con mosaicos de la \u00e9poca.<br>FLORENTINO TRAPERO, importante escultor natural de la villa.<strong>Tur\u00e9gano:<\/strong><br>MUSEO FORESTAL, museo pedag\u00f3gico de la pasada industria forestal.<br>MUSEO DE LOS \u00c1NGELES, de arte contempor\u00e1neo, regentado por Luc\u00eda Bos\u00e9.<\/p>\n\n\n\n<p><strong>Otones de Benjumea:<\/strong><br>LA \u00daLTIMA ESCUELA, museo pedag\u00f3gico que recoge lo que era la escuela desde finales del siglo XIX hasta finales del XX.<br>MUSEO ETNOGR\u00c1FICO, amplio muestrario de objetos antiguos de la vida cotidiana.<\/p>\n\n\n\n<p><strong>Fuentepelayo:<\/strong><br>PARQUE TEM\u00c1TICO DE LOS ECOSISTEMAS SEGOVIANOS, representaci\u00f3n de los distintos tipos de bosque de la provincia.<\/p>\n\n\n\n<p><strong>Cantalejo:<\/strong><br>TALLER-MUSEO PARTICULAR, multitud de piezas en miniatura caracter\u00edsticas de la industria tradicional de Cantalejo.<br>MUSEO DEL TRILLO, muestra aperos fabricados y utilizados por el sector agrario a lo largo de los a\u00f1os<\/p>\n\n\n\n<p><strong>Cu\u00e9llar:<\/strong><br>CENTRO DE INTERPRETACI\u00d3N DE LOS ENCIERROS, cuatro salas recuerdan los encierros de Cu\u00e9llar como los m\u00e1s antiguos de Espa\u00f1a.<br>CENTRO DE INTERPRETACI\u00d3N DEL MUD\u00c9JAR, recupera la vida de la Edad Media en el siglo XII.<\/p>\n\n\n\n<p><strong>Sep\u00falveda:<\/strong><br>CENTRO DE INTERPRETACI\u00d3N DE LAS HOCES DEL R\u00cdO DURAT\u00d3N, imaginario recorrido por el Parque Natural.<\/p>\n\n\n\n<p><strong>Pr\u00e1dena:<\/strong><br>PARQUE ARQUEOL\u00d3GICO DE LOS ENEBRALEJOS, reproduce el ambiente prehist\u00f3rico de la Edad de los Metales en sus impresionantes cuevas.<\/p>\n\n\n\n<p><strong>Pedraza:<\/strong><br>MUSEO-COLECCI\u00d3N IGNACIO ZULOAGA, situado en el torre\u00f3n del castillo que fuera estudio del pintor.<\/p>\n","protected":false},"excerpt":{"rendered":"<p>Aguilafuente:AULA ARQUEOL\u00d3GICA, museo romano con mosaicos de la \u00e9poca.FLORENTINO TRAPERO, importante escultor natural de la villa.Tur\u00e9gano:MUSEO FORESTAL, museo pedag\u00f3gico de la pasada industria forestal.MUSEO DE LOS \u00c1NGELES, de arte contempor\u00e1neo, regentado por Luc\u00eda Bos\u00e9. Otones de Benjumea:LA \u00daLTIMA ESCUELA, museo pedag\u00f3gico que recoge lo que era la escuela desde finales del siglo XIX hasta finales &hellip; <\/p>\n<p class=\"link-more\"><a href=\"https:\/\/www.loslobos.es\/casarural\/museos\/\" class=\"more-link\">Continuar leyendo<span class=\"screen-reader-text\"> \u00abMUSEOS\u00bb<\/span><\/a><\/p>\n","protected":false},"author":1,"featured_media":0,"parent":0,"menu_order":0,"comment_status":"closed","ping_status":"closed","template":"","meta":{"footnotes":""},"class_list":["post-97","page","type-page","status-publish","hentry"],"_links":{"self":[{"href":"https:\/\/www.loslobos.es\/casarural\/wp-json\/wp\/v2\/pages\/97","targetHints":{"allow":["GET"]}}],"collection":[{"href":"https:\/\/www.loslobos.es\/casarural\/wp-json\/wp\/v2\/pages"}],"about":[{"href":"https:\/\/www.loslobos.es\/casarural\/wp-json\/wp\/v2\/types\/page"}],"author":[{"embeddable":true,"href":"https:\/\/www.loslobos.es\/casarural\/wp-json\/wp\/v2\/users\/1"}],"replies":[{"embeddable":true,"href":"https:\/\/www.loslobos.es\/casarural\/wp-json\/wp\/v2\/comments?post=97"}],"version-history":[{"count":2,"href":"https:\/\/www.loslobos.es\/casarural\/wp-json\/wp\/v2\/pages\/97\/revisions"}],"predecessor-version":[{"id":222,"href":"https:\/\/www.loslobos.es\/casarural\/wp-json\/wp\/v2\/pages\/97\/revisions\/222"}],"wp:attachment":[{"href":"https:\/\/www.loslobos.es\/casarural\/wp-json\/wp\/v2\/media?parent=97"}],"curies":[{"name":"wp","href":"https:\/\/api.w.org\/{rel}","templated":true}]}}