{"id":96,"date":"2019-05-27T14:15:14","date_gmt":"2019-05-27T12:15:14","guid":{"rendered":"http:\/\/loslobos.es\/LOBOS0519\/?page_id=96"},"modified":"2020-05-05T19:06:05","modified_gmt":"2020-05-05T17:06:05","slug":"parajes-naturales","status":"publish","type":"page","link":"https:\/\/www.loslobos.es\/casarural\/parajes-naturales\/","title":{"rendered":"PARAJES NATURALES"},"content":{"rendered":"\n<p><strong>Sauquillo de Cabezas<\/strong> est\u00e1 encuadrado en una comarca conocida como Tierra de Pinares, dentro de ella hay abundantes rutas naturales y distintos ecosistemas.<\/p>\n\n\n\n<p><strong>Covatillas<\/strong>\u00a0a 15 kil\u00f3metros. Encinas, fresnos, sabinas y cuevas en torno al r\u00edo Pir\u00f3n.<\/p>\n\n\n\n<p><strong>Las Fuentes<\/strong>\u00a0a 10 kil\u00f3metros. Fuentes naturales junto al r\u00edo Cega rodeado de extensos pinares.<\/p>\n\n\n\n<p><strong>Los Porretales<\/strong>\u00a0a 6 kil\u00f3metros. Flora y fauna en estado salvaje a la orilla del r\u00edo Cega.<\/p>\n\n\n\n<p><strong>Lagunas de Cantalejo y Lastras\u00a0<\/strong>a 15 kil\u00f3metros. Importantes humedales catalogados que sirven de \u00e1rea de descanso a numerosas aves migratorias.<\/p>\n\n\n\n<p><strong>Hoces del r\u00edo Durat\u00f3n<\/strong>\u00a0a 25 kil\u00f3metros. Parque Natural, refugio de aves protegidas y marco ideal para los amantes del turismo activo.<\/p>\n\n\n\n<p><strong>Estaci\u00f3n de esqu\u00ed de la Pinilla<\/strong>\u00a0a 50 kil\u00f3metros. Referente nacional de los deportes de invierno.<\/p>\n\n\n\n<p><strong>Parque Natural de las Hoces del r\u00edo Riaza<\/strong>\u00a0a 50 kil\u00f3metros. Hoces, ca\u00f1ones, acantilados, desfiladeros, bosques de sabinas y espectaculares parajes naturales.En toda la comarca hay diferentes sendas naturales en torno a r\u00edos, arroyos y pinares, alguna de ellas est\u00e1 se\u00f1alizada.<\/p>\n","protected":false},"excerpt":{"rendered":"<p>Sauquillo de Cabezas est\u00e1 encuadrado en una comarca conocida como Tierra de Pinares, dentro de ella hay abundantes rutas naturales y distintos ecosistemas. Covatillas\u00a0a 15 kil\u00f3metros. Encinas, fresnos, sabinas y cuevas en torno al r\u00edo Pir\u00f3n. Las Fuentes\u00a0a 10 kil\u00f3metros. Fuentes naturales junto al r\u00edo Cega rodeado de extensos pinares. Los Porretales\u00a0a 6 kil\u00f3metros. Flora &hellip; <\/p>\n<p class=\"link-more\"><a href=\"https:\/\/www.loslobos.es\/casarural\/parajes-naturales\/\" class=\"more-link\">Continuar leyendo<span class=\"screen-reader-text\"> \u00abPARAJES NATURALES\u00bb<\/span><\/a><\/p>\n","protected":false},"author":1,"featured_media":0,"parent":0,"menu_order":0,"comment_status":"closed","ping_status":"closed","template":"","meta":{"footnotes":""},"class_list":["post-96","page","type-page","status-publish","hentry"],"_links":{"self":[{"href":"https:\/\/www.loslobos.es\/casarural\/wp-json\/wp\/v2\/pages\/96","targetHints":{"allow":["GET"]}}],"collection":[{"href":"https:\/\/www.loslobos.es\/casarural\/wp-json\/wp\/v2\/pages"}],"about":[{"href":"https:\/\/www.loslobos.es\/casarural\/wp-json\/wp\/v2\/types\/page"}],"author":[{"embeddable":true,"href":"https:\/\/www.loslobos.es\/casarural\/wp-json\/wp\/v2\/users\/1"}],"replies":[{"embeddable":true,"href":"https:\/\/www.loslobos.es\/casarural\/wp-json\/wp\/v2\/comments?post=96"}],"version-history":[{"count":2,"href":"https:\/\/www.loslobos.es\/casarural\/wp-json\/wp\/v2\/pages\/96\/revisions"}],"predecessor-version":[{"id":221,"href":"https:\/\/www.loslobos.es\/casarural\/wp-json\/wp\/v2\/pages\/96\/revisions\/221"}],"wp:attachment":[{"href":"https:\/\/www.loslobos.es\/casarural\/wp-json\/wp\/v2\/media?parent=96"}],"curies":[{"name":"wp","href":"https:\/\/api.w.org\/{rel}","templated":true}]}}