{"id":92,"date":"2019-05-27T14:15:14","date_gmt":"2019-05-27T12:15:14","guid":{"rendered":"http:\/\/loslobos.es\/LOBOS0519\/?page_id=92"},"modified":"2020-07-04T17:51:44","modified_gmt":"2020-07-04T15:51:44","slug":"calidad-rural","status":"publish","type":"page","link":"https:\/\/www.loslobos.es\/casarural\/calidad-rural\/","title":{"rendered":"CALIDAD RURAL"},"content":{"rendered":"\n<div class=\"wp-block-image\"><figure class=\"aligncenter size-large\"><a href=\"http:\/\/mardepinares.es\/\"><img loading=\"lazy\" decoding=\"async\" width=\"425\" height=\"178\" src=\"http:\/\/www.loslobos.es\/casarural\/wp-content\/uploads\/2020\/07\/Mar-de-Pinares-Calidad-Rural_WEB.jpg\" alt=\"\" class=\"wp-image-255\"\/><\/a><\/figure><\/div>\n\n\n\n<p>Mar de Pinares es una marca de Calidad Rural que forman varias empresas de la comarca de Cu\u00e9llar, ubicado en Tierra de Pinares Segoviana. Casa Rural Los Lobos pertenece a esta Marca de Calidad desde que este territorio accedi\u00f3 a crear la Marca. Todas las empresas y entidades pertenecientes a Mar de Pinares han pasado las auditor\u00edas obligatorias y as\u00ed han contribuido a reconocer en esta zona segoviana como un territorio de Calidad y Competitivo.<\/p>\n\n\n\n<div class=\"wp-block-image\"><figure class=\"aligncenter size-large\"><img loading=\"lazy\" decoding=\"async\" width=\"2560\" height=\"1818\" src=\"http:\/\/www.loslobos.es\/casarural\/wp-content\/uploads\/2020\/07\/certificadomardepinares-scaled.jpg\" alt=\"\" class=\"wp-image-253\" srcset=\"https:\/\/www.loslobos.es\/casarural\/wp-content\/uploads\/2020\/07\/certificadomardepinares-scaled.jpg 2560w, https:\/\/www.loslobos.es\/casarural\/wp-content\/uploads\/2020\/07\/certificadomardepinares-768x546.jpg 768w, https:\/\/www.loslobos.es\/casarural\/wp-content\/uploads\/2020\/07\/certificadomardepinares-1536x1091.jpg 1536w, https:\/\/www.loslobos.es\/casarural\/wp-content\/uploads\/2020\/07\/certificadomardepinares-2048x1455.jpg 2048w\" sizes=\"auto, (max-width: 706px) 89vw, (max-width: 767px) 82vw, 740px\" \/><\/figure><\/div>\n\n\n\n<p><\/p>\n","protected":false},"excerpt":{"rendered":"<p>Mar de Pinares es una marca de Calidad Rural que forman varias empresas de la comarca de Cu\u00e9llar, ubicado en Tierra de Pinares Segoviana. Casa Rural Los Lobos pertenece a esta Marca de Calidad desde que este territorio accedi\u00f3 a crear la Marca. Todas las empresas y entidades pertenecientes a Mar de Pinares han pasado &hellip; <\/p>\n<p class=\"link-more\"><a href=\"https:\/\/www.loslobos.es\/casarural\/calidad-rural\/\" class=\"more-link\">Continuar leyendo<span class=\"screen-reader-text\"> \u00abCALIDAD RURAL\u00bb<\/span><\/a><\/p>\n","protected":false},"author":1,"featured_media":0,"parent":0,"menu_order":0,"comment_status":"closed","ping_status":"closed","template":"","meta":{"footnotes":""},"class_list":["post-92","page","type-page","status-publish","hentry"],"_links":{"self":[{"href":"https:\/\/www.loslobos.es\/casarural\/wp-json\/wp\/v2\/pages\/92","targetHints":{"allow":["GET"]}}],"collection":[{"href":"https:\/\/www.loslobos.es\/casarural\/wp-json\/wp\/v2\/pages"}],"about":[{"href":"https:\/\/www.loslobos.es\/casarural\/wp-json\/wp\/v2\/types\/page"}],"author":[{"embeddable":true,"href":"https:\/\/www.loslobos.es\/casarural\/wp-json\/wp\/v2\/users\/1"}],"replies":[{"embeddable":true,"href":"https:\/\/www.loslobos.es\/casarural\/wp-json\/wp\/v2\/comments?post=92"}],"version-history":[{"count":3,"href":"https:\/\/www.loslobos.es\/casarural\/wp-json\/wp\/v2\/pages\/92\/revisions"}],"predecessor-version":[{"id":268,"href":"https:\/\/www.loslobos.es\/casarural\/wp-json\/wp\/v2\/pages\/92\/revisions\/268"}],"wp:attachment":[{"href":"https:\/\/www.loslobos.es\/casarural\/wp-json\/wp\/v2\/media?parent=92"}],"curies":[{"name":"wp","href":"https:\/\/api.w.org\/{rel}","templated":true}]}}