{"id":91,"date":"2019-05-27T14:15:14","date_gmt":"2019-05-27T12:15:14","guid":{"rendered":"http:\/\/loslobos.es\/LOBOS0519\/?page_id=91"},"modified":"2020-07-04T17:50:46","modified_gmt":"2020-07-04T15:50:46","slug":"trino","status":"publish","type":"page","link":"https:\/\/www.loslobos.es\/casarural\/trino\/","title":{"rendered":"TRINO"},"content":{"rendered":"\n<div class=\"wp-block-image\"><figure class=\"aligncenter size-large\"><a href=\"http:\/\/www.birdwatchinginspain.com\/\"><img loading=\"lazy\" decoding=\"async\" width=\"208\" height=\"140\" src=\"http:\/\/www.loslobos.es\/casarural\/wp-content\/uploads\/2020\/07\/logo.jpg\" alt=\"\" class=\"wp-image-263\"\/><\/a><\/figure><\/div>\n\n\n\n<p><strong>Casa Rural Los Lobos<\/strong>&nbsp;es uno de los alojamientos adheridos al proyecto&nbsp;<strong>TRINO (Turismo Rural de Interior y Ornitolog\u00eda)<\/strong>.<\/p>\n\n\n\n<p>El proyecto consiste en brindar una oferta adecuada al turismo ornitol\u00f3gico de manera que los amantes de las aves encuentren en los alojamientos un lugar comprometido con las buenas pr\u00e1cticas, mientras visitan la zona en busca del avistamiento de las aves que se puedan encontrar en los lugares cercanos.<\/p>\n\n\n\n<p>Este alojamiento se encuentra en la zona de\u00a0<strong>Tierra de Pinares Segoviana<\/strong>\u00a0y muy cerca de la casa se puede acceder al pinar del pueblo en el que habitan varias aves de inter\u00e9s, como por ejemplo la\u00a0<strong>cig\u00fce\u00f1a blanca<\/strong>, la\u00a0<strong>cig\u00fce\u00f1a negra<\/strong>, el\u00a0<strong>aguililla calzada<\/strong>, incluso, sobre dicho pinar, se ha visto revolotear en ocasiones una pareja de\u00a0<strong>\u00e1guila imperial<\/strong>. As\u00ed mismo, en las tierras de labor colindantes se pueden ver especies como el\u00a0<strong>aguilucho cenizo<\/strong>\u00a0y\u00a0<strong>la avutarda<\/strong>.<\/p>\n\n\n\n<div class=\"wp-block-image\"><figure class=\"aligncenter size-large\"><img loading=\"lazy\" decoding=\"async\" width=\"1024\" height=\"768\" src=\"http:\/\/www.loslobos.es\/casarural\/wp-content\/uploads\/2020\/07\/loslobostrino-1.jpg\" alt=\"\" class=\"wp-image-266\" srcset=\"https:\/\/www.loslobos.es\/casarural\/wp-content\/uploads\/2020\/07\/loslobostrino-1.jpg 1024w, https:\/\/www.loslobos.es\/casarural\/wp-content\/uploads\/2020\/07\/loslobostrino-1-768x576.jpg 768w\" sizes=\"auto, (max-width: 706px) 89vw, (max-width: 767px) 82vw, 740px\" \/><\/figure><\/div>\n\n\n\n<p>En el jard\u00edn de la propia casa se puede ver cada d\u00eda el revoloteo de los p\u00e1jaros, incluso en alguna ocasi\u00f3n se ha llegado a ver alg\u00fan&nbsp;<strong>abejaruco<\/strong>. A pocos kil\u00f3metros se encuentran humedales como las&nbsp;<strong>Lagunas de Cantalejo<\/strong>, donde hay varios observatorios para ver&nbsp;<strong>zampull\u00f3n chico, garza real, pato cuchara<\/strong>, etc\u00e9tera; y el Parque de las&nbsp;<strong>Hoces del R\u00edo Durat\u00f3n<\/strong>&nbsp;con una gran reserva de buitres.<\/p>\n\n\n\n<p>Toda esta informaci\u00f3n se puede ver mucho m\u00e1s completa en la web oficial del proyecto\u00a0<strong>TRINO<\/strong>, adem\u00e1s se mencionan todas las\u00a0<strong>zonas ornitol\u00f3gicas de Castilla y Le\u00f3n<\/strong>, as\u00ed como rutas, aves y todo lo concerniente al proyecto y la ornitolog\u00eda aut\u00f3ctona de la regi\u00f3n.<\/p>\n","protected":false},"excerpt":{"rendered":"<p>Casa Rural Los Lobos&nbsp;es uno de los alojamientos adheridos al proyecto&nbsp;TRINO (Turismo Rural de Interior y Ornitolog\u00eda). El proyecto consiste en brindar una oferta adecuada al turismo ornitol\u00f3gico de manera que los amantes de las aves encuentren en los alojamientos un lugar comprometido con las buenas pr\u00e1cticas, mientras visitan la zona en busca del avistamiento &hellip; <\/p>\n<p class=\"link-more\"><a href=\"https:\/\/www.loslobos.es\/casarural\/trino\/\" class=\"more-link\">Continuar leyendo<span class=\"screen-reader-text\"> \u00abTRINO\u00bb<\/span><\/a><\/p>\n","protected":false},"author":1,"featured_media":0,"parent":0,"menu_order":0,"comment_status":"closed","ping_status":"closed","template":"","meta":{"footnotes":""},"class_list":["post-91","page","type-page","status-publish","hentry"],"_links":{"self":[{"href":"https:\/\/www.loslobos.es\/casarural\/wp-json\/wp\/v2\/pages\/91","targetHints":{"allow":["GET"]}}],"collection":[{"href":"https:\/\/www.loslobos.es\/casarural\/wp-json\/wp\/v2\/pages"}],"about":[{"href":"https:\/\/www.loslobos.es\/casarural\/wp-json\/wp\/v2\/types\/page"}],"author":[{"embeddable":true,"href":"https:\/\/www.loslobos.es\/casarural\/wp-json\/wp\/v2\/users\/1"}],"replies":[{"embeddable":true,"href":"https:\/\/www.loslobos.es\/casarural\/wp-json\/wp\/v2\/comments?post=91"}],"version-history":[{"count":4,"href":"https:\/\/www.loslobos.es\/casarural\/wp-json\/wp\/v2\/pages\/91\/revisions"}],"predecessor-version":[{"id":267,"href":"https:\/\/www.loslobos.es\/casarural\/wp-json\/wp\/v2\/pages\/91\/revisions\/267"}],"wp:attachment":[{"href":"https:\/\/www.loslobos.es\/casarural\/wp-json\/wp\/v2\/media?parent=91"}],"curies":[{"name":"wp","href":"https:\/\/api.w.org\/{rel}","templated":true}]}}