{"id":89,"date":"2019-05-27T14:15:14","date_gmt":"2019-05-27T12:15:14","guid":{"rendered":"http:\/\/loslobos.es\/LOBOS0519\/?page_id=89"},"modified":"2020-07-09T12:38:11","modified_gmt":"2020-07-09T10:38:11","slug":"localizacion","status":"publish","type":"page","link":"https:\/\/www.loslobos.es\/casarural\/localizacion\/","title":{"rendered":"LOCALIZACI\u00d3N"},"content":{"rendered":"\n<ul class=\"wp-block-list\"><li><a href=\"http:\/\/www.loslobos.es\/casarural\/el-lugar\/\">EL LUGAR<\/a><\/li><li><a href=\"http:\/\/www.loslobos.es\/casarural\/los-alrededores\/\">LOS ALREDEDORES<\/a><\/li><li><a href=\"http:\/\/www.loslobos.es\/casarural\/rutas-turisticas\/\">RUTAS TUR\u00cdSTICAS<\/a><\/li><li><a href=\"http:\/\/www.loslobos.es\/casarural\/bar-los-lobos\/\">BAR LOS LOBOS<\/a><\/li><\/ul>\n\n\n\n<p><strong>Nos encontrar\u00e1s en:<\/strong><br>Casa Rural Los Lobos<br>C\/ Salinas, 15&nbsp;<br>40351 Sauquillo de cabezas<br>(Segovia)<br>Coord. LAT, LONG (\u00ba decimales): 41.194, -4.032&nbsp;<br>Telf: 921 509 611 \u00b7 661 323 873<\/p>\n\n\n\n<iframe loading=\"lazy\" src=\"https:\/\/www.google.com\/maps\/embed?pb=!1m18!1m12!1m3!1d3002.248525790427!2d-4.068808684378954!3d41.19455501588951!2m3!1f0!2f0!3f0!3m2!1i1024!2i768!4f13.1!3m3!1m2!1s0xd414aa6d14e1eaf%3A0xac22a794721ebfd9!2sCasa+Rural+Los+Lobos!5e0!3m2!1ses!2ses!4v1559674730549!5m2!1ses!2ses\" width=\"600\" height=\"450\" frameborder=\"0\" style=\"border:0\" allowfullscreen=\"\"><\/iframe>\n\n\n\n<div class=\"wp-block-group\"><div class=\"wp-block-group__inner-container is-layout-flow wp-block-group-is-layout-flow\">\n<div class=\"wp-block-group\"><div class=\"wp-block-group__inner-container is-layout-flow wp-block-group-is-layout-flow\">\n<div class=\"wp-block-group\"><div class=\"wp-block-group__inner-container is-layout-flow wp-block-group-is-layout-flow\">\n<pre class=\"wp-block-verse has-text-align-center\"><strong>Correos electr\u00f3nicos:<\/strong>\n<a href=\"mailto:info@loslobos.es\">info@loslobos.es<\/a>\n<a href=\"mailto:abel@loslobos.es\">abel@loslobos.es<\/a>\n<a href=\"mailto:leon@loslobos.es\">leon@loslobos.es<\/a><\/pre>\n<\/div><\/div>\n<\/div><\/div>\n<\/div><\/div>\n\n\n\n<p><\/p>\n\n\n\n<p><\/p>\n\n\n\n<div class=\"wp-block-group\"><div class=\"wp-block-group__inner-container is-layout-flow wp-block-group-is-layout-flow\">\n<p><strong><em>C\u00f3mo llegar:<\/em><\/strong><\/p>\n\n\n\n<p>Desde <strong>Segovia<\/strong>: CL-601, CL-603 y SG-222<\/p>\n\n\n\n<p>Desde <strong>Valladolid<\/strong>: A-601 y SG-222<\/p>\n\n\n\n<p>Desde <strong>Madrid<\/strong>: Opci\u00f3n a) A-6, A-601, CL-603 y SG-222; Opci\u00f3n b)  A-1, N-110, SG-205, SG-231, CL-603 y SG-222<\/p>\n\n\n\n<p>Desde <strong>Barcelona<\/strong>&#8211;&nbsp;A-2, N-121, N-122, N-110, A-1, SG-205, SG-231, CL-603 y SG-222<\/p>\n\n\n\n<p>Desde <strong>Bilbao<\/strong>-A-1, CL-603 y SG-222<\/p>\n\n\n\n<p>Desde <strong>Valencia<\/strong>&#8211;&nbsp;A-3, N-1, SG-205, SG-231, CL-603 y SG-222<\/p>\n\n\n\n<p>Desde <strong>Santiago de Compostela<\/strong>-A-6, CL-602, VA-333, SG-333, CL-601 y SG-222<\/p>\n\n\n\n<p>Desde <strong>Sevilla<\/strong>-N-4, A-6, N-603, SG-20, CL-601, CL-603 y SG-222<\/p>\n\n\n\n<p>Desde <strong>Santander<\/strong>-N-611, N-623, N-1, SG-205, SG-231, CL-603 y SG-222<\/p>\n\n\n\n<p>Desde <strong>Extremadura<\/strong>-N-5, A-6, N-603, SG-20, CL-601, CL-603 y SG-222<\/p>\n<\/div><\/div>\n\n\n\n<p><\/p>\n","protected":false},"excerpt":{"rendered":"<p>EL LUGAR LOS ALREDEDORES RUTAS TUR\u00cdSTICAS BAR LOS LOBOS Nos encontrar\u00e1s en:Casa Rural Los LobosC\/ Salinas, 15&nbsp;40351 Sauquillo de cabezas(Segovia)Coord. LAT, LONG (\u00ba decimales): 41.194, -4.032&nbsp;Telf: 921 509 611 \u00b7 661 323 873 Correos electr\u00f3nicos: info@loslobos.es abel@loslobos.es leon@loslobos.es C\u00f3mo llegar: Desde Segovia: CL-601, CL-603 y SG-222 Desde Valladolid: A-601 y SG-222 Desde Madrid: Opci\u00f3n a) &hellip; <\/p>\n<p class=\"link-more\"><a href=\"https:\/\/www.loslobos.es\/casarural\/localizacion\/\" class=\"more-link\">Continuar leyendo<span class=\"screen-reader-text\"> \u00abLOCALIZACI\u00d3N\u00bb<\/span><\/a><\/p>\n","protected":false},"author":1,"featured_media":0,"parent":0,"menu_order":0,"comment_status":"closed","ping_status":"closed","template":"","meta":{"footnotes":""},"class_list":["post-89","page","type-page","status-publish","hentry"],"_links":{"self":[{"href":"https:\/\/www.loslobos.es\/casarural\/wp-json\/wp\/v2\/pages\/89","targetHints":{"allow":["GET"]}}],"collection":[{"href":"https:\/\/www.loslobos.es\/casarural\/wp-json\/wp\/v2\/pages"}],"about":[{"href":"https:\/\/www.loslobos.es\/casarural\/wp-json\/wp\/v2\/types\/page"}],"author":[{"embeddable":true,"href":"https:\/\/www.loslobos.es\/casarural\/wp-json\/wp\/v2\/users\/1"}],"replies":[{"embeddable":true,"href":"https:\/\/www.loslobos.es\/casarural\/wp-json\/wp\/v2\/comments?post=89"}],"version-history":[{"count":13,"href":"https:\/\/www.loslobos.es\/casarural\/wp-json\/wp\/v2\/pages\/89\/revisions"}],"predecessor-version":[{"id":271,"href":"https:\/\/www.loslobos.es\/casarural\/wp-json\/wp\/v2\/pages\/89\/revisions\/271"}],"wp:attachment":[{"href":"https:\/\/www.loslobos.es\/casarural\/wp-json\/wp\/v2\/media?parent=89"}],"curies":[{"name":"wp","href":"https:\/\/api.w.org\/{rel}","templated":true}]}}