{"id":86,"date":"2019-05-27T14:15:14","date_gmt":"2019-05-27T12:15:14","guid":{"rendered":"http:\/\/loslobos.es\/LOBOS0519\/?page_id=86"},"modified":"2021-11-29T13:59:39","modified_gmt":"2021-11-29T12:59:39","slug":"el-lugar","status":"publish","type":"page","link":"https:\/\/www.loslobos.es\/casarural\/el-lugar\/","title":{"rendered":"EL LUGAR"},"content":{"rendered":"\n<p> Historia<\/p>\n\n\n\n<p>Se tiene constancia de los primeros habitantes del lugar ya en tiempos de los romanos, pues a unos 2 Km. del casco urbano se encuentran las&nbsp;<strong>ruinas de \u201cSanta Luc\u00eda\u201d<\/strong>&nbsp;entre Aguilafuente y Sauquillo. Los restos hallados est\u00e1n en el&nbsp;<strong>Aula Arqueol\u00f3gica<\/strong>&nbsp;ubicada en la&nbsp;<strong>iglesia rom\u00e1nica de San Juan Bautista<\/strong>, en Aguilafuente (a 5 km.).<\/p>\n\n\n\n<div class=\"wp-block-image\"><figure class=\"aligncenter size-full\"><img loading=\"lazy\" decoding=\"async\" width=\"707\" height=\"707\" src=\"https:\/\/www.loslobos.es\/casarural\/wp-content\/uploads\/2021\/11\/santalucialoslobos.es_.jpg\" alt=\"\" class=\"wp-image-306\" srcset=\"https:\/\/www.loslobos.es\/casarural\/wp-content\/uploads\/2021\/11\/santalucialoslobos.es_.jpg 707w, https:\/\/www.loslobos.es\/casarural\/wp-content\/uploads\/2021\/11\/santalucialoslobos.es_-100x100.jpg 100w\" sizes=\"auto, (max-width: 707px) 100vw, 707px\" \/><figcaption>Ruinas de la Villa Romana de Santa Luc\u00eda<\/figcaption><\/figure><\/div>\n\n\n\n<div class=\"wp-block-image\"><figure class=\"aligncenter size-full\"><img loading=\"lazy\" decoding=\"async\" width=\"760\" height=\"570\" src=\"https:\/\/www.loslobos.es\/casarural\/wp-content\/uploads\/2021\/11\/museosantalucialoslobos.es_-1.jpg\" alt=\"\" class=\"wp-image-309\"\/><figcaption>Iglesia de San Juan Bautista, que alberga el Aula Arqueol\u00f3gica con restos de la villa de Santa Luc\u00eda <\/figcaption><\/figure><\/div>\n\n\n\n<p>La iglesia parroquial de San Pedro Ap\u00f3stol es de\u00a0<strong>origen rom\u00e1nico<\/strong>\u00a0como se interpreta de los arcos de la fachada principal y una bella Pila de Agua Bendita.<\/p>\n\n\n\n<figure class=\"wp-block-image size-full\"><img loading=\"lazy\" decoding=\"async\" width=\"1024\" height=\"769\" src=\"https:\/\/www.loslobos.es\/casarural\/wp-content\/uploads\/2021\/11\/sauquillo.jpg\" alt=\"\" class=\"wp-image-312\" srcset=\"https:\/\/www.loslobos.es\/casarural\/wp-content\/uploads\/2021\/11\/sauquillo.jpg 1024w, https:\/\/www.loslobos.es\/casarural\/wp-content\/uploads\/2021\/11\/sauquillo-768x577.jpg 768w\" sizes=\"auto, (max-width: 706px) 89vw, (max-width: 767px) 82vw, 740px\" \/><figcaption>Iglesia de San Pedro Ap\u00f3stol (Sauquillo de Cabezas)<\/figcaption><\/figure>\n\n\n\n<p>Hay vestigios de tres&nbsp;<strong>casas nobiliarias<\/strong>&nbsp;de finales del siglo XVII que pertenec\u00edan a los Marqueses de C\u00e1ceres, Casablanca y los Aviales.<\/p>\n\n\n\n<p>En el siglo XIX la poblaci\u00f3n se dedicaba a la&nbsp;<strong>agricultura y la ganader\u00eda<\/strong>. Tambi\u00e9n destacaban los recursos obtenidos del pinar y su industria maderera.<\/p>\n\n\n\n<p>Actualmente subsiste la agricultura y la gente joven se dedica a los servicios y a trabajar en pueblos cercanos.<\/p>\n\n\n\n<p>Zonas de interes<\/p>\n\n\n\n<p><strong>Pinar:<\/strong>&nbsp;Mar de Pinares.<\/p>\n\n\n\n<p><strong>Terrero:<\/strong>&nbsp;Importante humedal a la entrada del pueblo, con su fuente, arboleda, campos de labranza y el Sistema Central al fondo.<\/p>\n\n\n\n<p><strong>Poza Rubia:<\/strong>&nbsp;Fuente natural en Campos de Castilla.<\/p>\n\n\n\n<p>Fiestas<\/p>\n\n\n\n<p>Las fiestas locales son:<\/p>\n\n\n\n<p><strong>San Isidro Labrador:<\/strong>&nbsp;15 de mayo.<\/p>\n\n\n\n<p><strong>San Antonio de Padua:<\/strong>&nbsp;13 de junio.<\/p>\n\n\n\n<p><strong>San Pedro Ap\u00f3stol:<\/strong>&nbsp;29 de junio.<\/p>\n\n\n\n<p>Las&nbsp;<strong>fiestas patronales<\/strong>&nbsp;se celebran el \u00faltimo fin de semana de agosto tras toda una semana de actividades culturales.<\/p>\n\n\n\n<p>Tambi\u00e9n hay que destacar que el&nbsp;<strong>Centro Cultural San Pedro<\/strong>&nbsp;organiza actividades a lo largo del a\u00f1o, especialmente en semana santa, carnavales, reyes\u2026<\/p>\n\n\n\n<p>Servicios<\/p>\n\n\n\n<p>A pesar de ser un pueblo peque\u00f1o hay Ayuntamiento propio y consultorio m\u00e9dico.<\/p>\n\n\n\n<p>Adem\u00e1s hay bar, tienda de ultramarinos con carnicer\u00eda, panader\u00eda, lavander\u00eda industrial, telecentro con servicio de Internet rural, tambi\u00e9n hay varias empresas de construcci\u00f3n.<\/p>\n\n\n\n<p>Iglesia abierta al culto. <\/p>\n","protected":false},"excerpt":{"rendered":"<p>Historia Se tiene constancia de los primeros habitantes del lugar ya en tiempos de los romanos, pues a unos 2 Km. del casco urbano se encuentran las&nbsp;ruinas de \u201cSanta Luc\u00eda\u201d&nbsp;entre Aguilafuente y Sauquillo. Los restos hallados est\u00e1n en el&nbsp;Aula Arqueol\u00f3gica&nbsp;ubicada en la&nbsp;iglesia rom\u00e1nica de San Juan Bautista, en Aguilafuente (a 5 km.). La iglesia parroquial &hellip; <\/p>\n<p class=\"link-more\"><a href=\"https:\/\/www.loslobos.es\/casarural\/el-lugar\/\" class=\"more-link\">Continuar leyendo<span class=\"screen-reader-text\"> \u00abEL LUGAR\u00bb<\/span><\/a><\/p>\n","protected":false},"author":1,"featured_media":0,"parent":0,"menu_order":0,"comment_status":"closed","ping_status":"closed","template":"","meta":{"footnotes":""},"class_list":["post-86","page","type-page","status-publish","hentry"],"_links":{"self":[{"href":"https:\/\/www.loslobos.es\/casarural\/wp-json\/wp\/v2\/pages\/86","targetHints":{"allow":["GET"]}}],"collection":[{"href":"https:\/\/www.loslobos.es\/casarural\/wp-json\/wp\/v2\/pages"}],"about":[{"href":"https:\/\/www.loslobos.es\/casarural\/wp-json\/wp\/v2\/types\/page"}],"author":[{"embeddable":true,"href":"https:\/\/www.loslobos.es\/casarural\/wp-json\/wp\/v2\/users\/1"}],"replies":[{"embeddable":true,"href":"https:\/\/www.loslobos.es\/casarural\/wp-json\/wp\/v2\/comments?post=86"}],"version-history":[{"count":5,"href":"https:\/\/www.loslobos.es\/casarural\/wp-json\/wp\/v2\/pages\/86\/revisions"}],"predecessor-version":[{"id":314,"href":"https:\/\/www.loslobos.es\/casarural\/wp-json\/wp\/v2\/pages\/86\/revisions\/314"}],"wp:attachment":[{"href":"https:\/\/www.loslobos.es\/casarural\/wp-json\/wp\/v2\/media?parent=86"}],"curies":[{"name":"wp","href":"https:\/\/api.w.org\/{rel}","templated":true}]}}