{"id":82,"date":"2019-05-27T14:15:14","date_gmt":"2019-05-27T12:15:14","guid":{"rendered":"http:\/\/loslobos.es\/LOBOS0519\/?page_id=82"},"modified":"2020-07-04T16:53:55","modified_gmt":"2020-07-04T14:53:55","slug":"precios","status":"publish","type":"page","link":"https:\/\/www.loslobos.es\/casarural\/precios\/","title":{"rendered":"PRECIOS"},"content":{"rendered":"\n<figure class=\"wp-block-table is-style-stripes\"><table class=\"has-subtle-pale-green-background-color has-fixed-layout has-background\"><tbody><tr><td>FIN DE SEMANA<\/td><td>350 \u20ac                            <\/td><\/tr><tr><td>SEMANA<\/td><td>700 \u20ac<\/td><\/tr><tr><td>D\u00cdA ADICIONAL<\/td><td>100 \u20ac<\/td><\/tr><\/tbody><\/table><\/figure>\n\n\n\n<p>Precios finales, impuestos incluidos.<\/p>\n\n\n\n<p><strong>Para otros per\u00edodos y estancias:<\/strong>&nbsp;consultar precios con el propietario<\/p>\n\n\n\n<p><strong>Se incluye, sin coste adicional<\/strong>, productos para el desayuno: leche, zumo, pastas, mantequilla, mermelada, sobrecitos de caf\u00e9, colacao, infusiones etc. As\u00ed como amenities y alg\u00fan detalle de bienvenida. <\/p>\n","protected":false},"excerpt":{"rendered":"<p>FIN DE SEMANA 350 \u20ac SEMANA 700 \u20ac D\u00cdA ADICIONAL 100 \u20ac Precios finales, impuestos incluidos. Para otros per\u00edodos y estancias:&nbsp;consultar precios con el propietario Se incluye, sin coste adicional, productos para el desayuno: leche, zumo, pastas, mantequilla, mermelada, sobrecitos de caf\u00e9, colacao, infusiones etc. As\u00ed como amenities y alg\u00fan detalle de bienvenida.<\/p>\n","protected":false},"author":1,"featured_media":0,"parent":0,"menu_order":0,"comment_status":"closed","ping_status":"closed","template":"","meta":{"footnotes":""},"class_list":["post-82","page","type-page","status-publish","hentry"],"_links":{"self":[{"href":"https:\/\/www.loslobos.es\/casarural\/wp-json\/wp\/v2\/pages\/82","targetHints":{"allow":["GET"]}}],"collection":[{"href":"https:\/\/www.loslobos.es\/casarural\/wp-json\/wp\/v2\/pages"}],"about":[{"href":"https:\/\/www.loslobos.es\/casarural\/wp-json\/wp\/v2\/types\/page"}],"author":[{"embeddable":true,"href":"https:\/\/www.loslobos.es\/casarural\/wp-json\/wp\/v2\/users\/1"}],"replies":[{"embeddable":true,"href":"https:\/\/www.loslobos.es\/casarural\/wp-json\/wp\/v2\/comments?post=82"}],"version-history":[{"count":4,"href":"https:\/\/www.loslobos.es\/casarural\/wp-json\/wp\/v2\/pages\/82\/revisions"}],"predecessor-version":[{"id":262,"href":"https:\/\/www.loslobos.es\/casarural\/wp-json\/wp\/v2\/pages\/82\/revisions\/262"}],"wp:attachment":[{"href":"https:\/\/www.loslobos.es\/casarural\/wp-json\/wp\/v2\/media?parent=82"}],"curies":[{"name":"wp","href":"https:\/\/api.w.org\/{rel}","templated":true}]}}