{"id":53,"date":"2019-05-23T18:07:10","date_gmt":"2019-05-23T16:07:10","guid":{"rendered":"http:\/\/loslobos.es\/LOBOS0519\/?page_id=53"},"modified":"2021-11-26T21:33:15","modified_gmt":"2021-11-26T20:33:15","slug":"la-casa","status":"publish","type":"page","link":"https:\/\/www.loslobos.es\/casarural\/la-casa\/","title":{"rendered":"LA CASA"},"content":{"rendered":"\n<p><a href=\"http:\/\/loslobos.es\/inicio\/precios\/\">PRECIOS<\/a><\/p>\n\n\n\n<p>Casa Rural Los Lobos se encuentra en Sauquillo de Cabezas, es una de las casas rurales que hay en pleno mar de pinares segoviano. Una casa rural en Segovia a disposici\u00f3n de todo aqu\u00e9l turista que busque unos d\u00edas para disfrutar de un descanso rodeado de silencio, naturaleza, patrimonio, gastronom\u00eda y muchas m\u00e1s cosas. <\/p>\n\n\n\n<figure class=\"wp-block-image size-large\"><img loading=\"lazy\" decoding=\"async\" width=\"2560\" height=\"1920\" src=\"http:\/\/loslobos.es\/inicio\/wp-content\/uploads\/2020\/06\/cr.loslobos-1-scaled.jpg\" alt=\"\" class=\"wp-image-236\" srcset=\"https:\/\/www.loslobos.es\/casarural\/wp-content\/uploads\/2020\/06\/cr.loslobos-1-scaled.jpg 2560w, https:\/\/www.loslobos.es\/casarural\/wp-content\/uploads\/2020\/06\/cr.loslobos-1-768x576.jpg 768w, https:\/\/www.loslobos.es\/casarural\/wp-content\/uploads\/2020\/06\/cr.loslobos-1-1536x1152.jpg 1536w, https:\/\/www.loslobos.es\/casarural\/wp-content\/uploads\/2020\/06\/cr.loslobos-1-2048x1536.jpg 2048w\" sizes=\"auto, (max-width: 706px) 89vw, (max-width: 767px) 82vw, 740px\" \/><\/figure>\n\n\n\n<p> Caracter\u00edsticas<\/p>\n\n\n\n<p><strong>Descripci\u00f3n:<\/strong>&nbsp;casa rural de alquiler completo, de nueva construcci\u00f3n, guarda la tipolog\u00eda tradicional de la zona. En general es amplia y confortable, destacando un gran sal\u00f3n como eje principal de toda la estancia. Es una de las m\u00faltiples casas rurales catalogadas con 4 estrellas verdes oficialmente por la Junta de Castilla y Le\u00f3n. Los Lobos supone una opci\u00f3n m\u00e1s para disfrutar de una casa rural en Segovia en pleno mar de pinares.<\/p>\n\n\n\n<p><strong>Capacidad:<\/strong>&nbsp;6 personas. 3 Habitaciones dobles con ba\u00f1o individual, una de ellas especialmente habilitada a personas con problemas de movilidad.<\/p>\n\n\n\n<figure class=\"wp-block-image is-resized\"><img loading=\"lazy\" decoding=\"async\" src=\"http:\/\/loslobos.es\/LOBOS0519\/wp-content\/uploads\/2019\/05\/habitaci\u00f3n-morada11.jpg\" alt=\"\" class=\"wp-image-54\" width=\"624\" height=\"415\" srcset=\"https:\/\/www.loslobos.es\/casarural\/wp-content\/uploads\/2019\/05\/habitaci\u00f3n-morada11.jpg 1024w, https:\/\/www.loslobos.es\/casarural\/wp-content\/uploads\/2019\/05\/habitaci\u00f3n-morada11-768x512.jpg 768w\" sizes=\"auto, (max-width: 624px) 100vw, 624px\" \/><\/figure>\n\n\n\n<figure class=\"wp-block-image\"><img loading=\"lazy\" decoding=\"async\" width=\"1024\" height=\"681\" src=\"http:\/\/loslobos.es\/LOBOS0519\/wp-content\/uploads\/2019\/05\/habitaci\u00f3n-verde.jpg\" alt=\"\" class=\"wp-image-55\" srcset=\"https:\/\/www.loslobos.es\/casarural\/wp-content\/uploads\/2019\/05\/habitaci\u00f3n-verde.jpg 1024w, https:\/\/www.loslobos.es\/casarural\/wp-content\/uploads\/2019\/05\/habitaci\u00f3n-verde-768x511.jpg 768w\" sizes=\"auto, (max-width: 706px) 89vw, (max-width: 767px) 82vw, 740px\" \/><\/figure>\n\n\n\n<p><strong>Sal\u00f3n:<\/strong>&nbsp;sal\u00f3n-comedor en torno a una chimenea.<\/p>\n\n\n\n<figure class=\"wp-block-image\"><img loading=\"lazy\" decoding=\"async\" width=\"1024\" height=\"768\" src=\"http:\/\/loslobos.es\/LOBOS0519\/wp-content\/uploads\/2019\/05\/sal\u00f3n4.jpg\" alt=\"\" class=\"wp-image-58\" srcset=\"https:\/\/www.loslobos.es\/casarural\/wp-content\/uploads\/2019\/05\/sal\u00f3n4.jpg 1024w, https:\/\/www.loslobos.es\/casarural\/wp-content\/uploads\/2019\/05\/sal\u00f3n4-768x576.jpg 768w\" sizes=\"auto, (max-width: 706px) 89vw, (max-width: 767px) 82vw, 740px\" \/><\/figure>\n\n\n\n<p><strong>Rinc\u00f3n de lectura:<\/strong>&nbsp;espacio con una televisi\u00f3n-DVD y una surtida colecci\u00f3n de libros, pel\u00edculas y juegos de mesa donde pasar un rato relajante y agradable.<\/p>\n\n\n\n<p><strong>Zona verde:<\/strong>&nbsp;precioso jard\u00edn con plantas aut\u00f3ctonas, abundante c\u00e9sped y zona para ni\u00f1os, porche de acceso, con sillones de mimbre y barbacoa.<\/p>\n\n\n\n<figure class=\"wp-block-image\"><img loading=\"lazy\" decoding=\"async\" width=\"1024\" height=\"681\" src=\"http:\/\/loslobos.es\/LOBOS0519\/wp-content\/uploads\/2019\/05\/porche.jpg\" alt=\"\" class=\"wp-image-56\" srcset=\"https:\/\/www.loslobos.es\/casarural\/wp-content\/uploads\/2019\/05\/porche.jpg 1024w, https:\/\/www.loslobos.es\/casarural\/wp-content\/uploads\/2019\/05\/porche-768x511.jpg 768w\" sizes=\"auto, (max-width: 706px) 89vw, (max-width: 767px) 82vw, 740px\" \/><\/figure>\n\n\n\n<figure class=\"wp-block-image\"><img loading=\"lazy\" decoding=\"async\" width=\"1024\" height=\"769\" src=\"http:\/\/loslobos.es\/LOBOS0519\/wp-content\/uploads\/2019\/05\/jard\u00edn2.jpg\" alt=\"\" class=\"wp-image-59\" srcset=\"https:\/\/www.loslobos.es\/casarural\/wp-content\/uploads\/2019\/05\/jard\u00edn2.jpg 1024w, https:\/\/www.loslobos.es\/casarural\/wp-content\/uploads\/2019\/05\/jard\u00edn2-768x577.jpg 768w\" sizes=\"auto, (max-width: 706px) 89vw, (max-width: 767px) 82vw, 740px\" \/><\/figure>\n\n\n\n<p><strong>Animales:<\/strong>&nbsp;no se admiten.<\/p>\n\n\n\n<p><strong>Prestaciones:<\/strong>\u00a0un TV LED 40&#8243;, HOME CINEMA, Wii, PC con conexi\u00f3n a internet, WiFi, libros, pel\u00edculas, juegos de mesa, cocina equipada, mobiliario en perfecto estado, informaci\u00f3n tur\u00edstica.<br><\/p>\n\n\n\n<p><\/p>\n","protected":false},"excerpt":{"rendered":"<p>PRECIOS Casa Rural Los Lobos se encuentra en Sauquillo de Cabezas, es una de las casas rurales que hay en pleno mar de pinares segoviano. Una casa rural en Segovia a disposici\u00f3n de todo aqu\u00e9l turista que busque unos d\u00edas para disfrutar de un descanso rodeado de silencio, naturaleza, patrimonio, gastronom\u00eda y muchas m\u00e1s cosas. &hellip; <\/p>\n<p class=\"link-more\"><a href=\"https:\/\/www.loslobos.es\/casarural\/la-casa\/\" class=\"more-link\">Continuar leyendo<span class=\"screen-reader-text\"> \u00abLA CASA\u00bb<\/span><\/a><\/p>\n","protected":false},"author":1,"featured_media":0,"parent":0,"menu_order":0,"comment_status":"closed","ping_status":"closed","template":"","meta":{"footnotes":""},"class_list":["post-53","page","type-page","status-publish","hentry"],"_links":{"self":[{"href":"https:\/\/www.loslobos.es\/casarural\/wp-json\/wp\/v2\/pages\/53","targetHints":{"allow":["GET"]}}],"collection":[{"href":"https:\/\/www.loslobos.es\/casarural\/wp-json\/wp\/v2\/pages"}],"about":[{"href":"https:\/\/www.loslobos.es\/casarural\/wp-json\/wp\/v2\/types\/page"}],"author":[{"embeddable":true,"href":"https:\/\/www.loslobos.es\/casarural\/wp-json\/wp\/v2\/users\/1"}],"replies":[{"embeddable":true,"href":"https:\/\/www.loslobos.es\/casarural\/wp-json\/wp\/v2\/comments?post=53"}],"version-history":[{"count":4,"href":"https:\/\/www.loslobos.es\/casarural\/wp-json\/wp\/v2\/pages\/53\/revisions"}],"predecessor-version":[{"id":311,"href":"https:\/\/www.loslobos.es\/casarural\/wp-json\/wp\/v2\/pages\/53\/revisions\/311"}],"wp:attachment":[{"href":"https:\/\/www.loslobos.es\/casarural\/wp-json\/wp\/v2\/media?parent=53"}],"curies":[{"name":"wp","href":"https:\/\/api.w.org\/{rel}","templated":true}]}}