{"id":292,"date":"2021-11-23T23:25:18","date_gmt":"2021-11-23T22:25:18","guid":{"rendered":"https:\/\/www.loslobos.es\/casarural\/?page_id=292"},"modified":"2021-11-24T10:11:41","modified_gmt":"2021-11-24T09:11:41","slug":"asetur","status":"publish","type":"page","link":"https:\/\/www.loslobos.es\/casarural\/asetur\/","title":{"rendered":"ASETUR"},"content":{"rendered":"\n<p>Casa Rural Los Lobos pertenece a la Asociaci\u00f3n Espa\u00f1ola de Turismo Rural.<\/p>\n\n\n\n<figure class=\"wp-block-image size-full\"><a href=\"http:\/\/www.ecoturismorural.com\/\"><img loading=\"lazy\" decoding=\"async\" width=\"709\" height=\"567\" src=\"https:\/\/www.loslobos.es\/casarural\/wp-content\/uploads\/2021\/11\/7cbbc409ec990f19c78c75bd1e06f215.jpg\" alt=\"\" class=\"wp-image-293\"\/><\/a><\/figure>\n\n\n\n<p>Est\u00e1 catalogada por espigas con un total de 4.<\/p>\n\n\n\n<figure class=\"wp-block-image size-full\"><img loading=\"lazy\" decoding=\"async\" width=\"1024\" height=\"768\" src=\"https:\/\/www.loslobos.es\/casarural\/wp-content\/uploads\/2021\/11\/espigas.jpg\" alt=\"\" class=\"wp-image-294\" srcset=\"https:\/\/www.loslobos.es\/casarural\/wp-content\/uploads\/2021\/11\/espigas.jpg 1024w, https:\/\/www.loslobos.es\/casarural\/wp-content\/uploads\/2021\/11\/espigas-768x576.jpg 768w\" sizes=\"auto, (max-width: 706px) 89vw, (max-width: 767px) 82vw, 740px\" \/><\/figure>\n","protected":false},"excerpt":{"rendered":"<p>Casa Rural Los Lobos pertenece a la Asociaci\u00f3n Espa\u00f1ola de Turismo Rural. Est\u00e1 catalogada por espigas con un total de 4.<\/p>\n","protected":false},"author":1,"featured_media":0,"parent":0,"menu_order":0,"comment_status":"closed","ping_status":"closed","template":"","meta":{"footnotes":""},"class_list":["post-292","page","type-page","status-publish","hentry"],"_links":{"self":[{"href":"https:\/\/www.loslobos.es\/casarural\/wp-json\/wp\/v2\/pages\/292","targetHints":{"allow":["GET"]}}],"collection":[{"href":"https:\/\/www.loslobos.es\/casarural\/wp-json\/wp\/v2\/pages"}],"about":[{"href":"https:\/\/www.loslobos.es\/casarural\/wp-json\/wp\/v2\/types\/page"}],"author":[{"embeddable":true,"href":"https:\/\/www.loslobos.es\/casarural\/wp-json\/wp\/v2\/users\/1"}],"replies":[{"embeddable":true,"href":"https:\/\/www.loslobos.es\/casarural\/wp-json\/wp\/v2\/comments?post=292"}],"version-history":[{"count":2,"href":"https:\/\/www.loslobos.es\/casarural\/wp-json\/wp\/v2\/pages\/292\/revisions"}],"predecessor-version":[{"id":298,"href":"https:\/\/www.loslobos.es\/casarural\/wp-json\/wp\/v2\/pages\/292\/revisions\/298"}],"wp:attachment":[{"href":"https:\/\/www.loslobos.es\/casarural\/wp-json\/wp\/v2\/media?parent=292"}],"curies":[{"name":"wp","href":"https:\/\/api.w.org\/{rel}","templated":true}]}}